{"id":5135,"date":"2020-10-30T13:00:14","date_gmt":"2020-10-30T10:00:14","guid":{"rendered":"https:\/\/dogupen.com.tr\/?page_id=5135"},"modified":"2020-11-02T14:47:26","modified_gmt":"2020-11-02T11:47:26","slug":"contact","status":"publish","type":"page","link":"https:\/\/dogupen.com.tr\/en\/contact\/","title":{"rendered":"Contact"},"content":{"rendered":"<div class=\"wpb-content-wrapper\"><p>[vc_row gap=&#8221;30&#8243; full_height=&#8221;yes&#8221; content_placement=&#8221;middle&#8221; enable_loading_bg=&#8221;yes&#8221; bg_position=&#8221;center center&#8221; bg_attachment=&#8221;fixed&#8221; enable_overlay=&#8221;yes&#8221; css=&#8221;.vc_custom_1562843010287{padding-top: 150px !important;padding-bottom: 150px !important;background-image: url(https:\/\/dogupen.com.tr\/wp-content\/uploads\/2019\/07\/hall.jpg?id=4522) !important;background-position: center !important;background-repeat: no-repeat !important;background-size: cover !important;}&#8221;][vc_column enable_content_animation=&#8221;yes&#8221; ca_init_scale_x=&#8221;1&#8243; ca_init_scale_y=&#8221;1&#8243; ca_init_scale_z=&#8221;1&#8243; ca_init_opacity=&#8221;0&#8243; ca_an_scale_x=&#8221;1&#8243; ca_an_scale_y=&#8221;1&#8243; ca_an_scale_z=&#8221;1&#8243; ca_an_opacity=&#8221;1&#8243; offset=&#8221;vc_col-md-7&#8243; ca_duration=&#8221;1200&#8243; ca_delay=&#8221;150&#8243; ca_init_translate_y=&#8221;81&#8243; ca_init_rotate_z=&#8221;2&#8243; css=&#8221;.vc_custom_1546528207762{margin-top: -50px !important;}&#8221; ca_init_translate_z=&#8221;5&#8243;]<style>.ld_fancy_heading_69f238b64504c h2{color:rgb(255, 255, 255);}.ld_fancy_heading_69f238b64504c .lqd-highlight-inner{height:0.275em;bottom:0px;}<\/style><div class=\"ld-fancy-heading ld_fancy_heading_69f238b64504c\">\n\t<h2 class=\"lqd-highlight-underline lqd-highlight-grow-left h1\" data-fittext=\"true\" data-fittext-options='{\"compressor\":0.5,\"maxFontSize\":\"currentFontSize\",\"minFontSize\":\"35\"}' data-split-text=\"true\" data-custom-animations=\"true\" data-ca-options='{\"triggerHandler\":\"inview\",\"animationTarget\":\".lqd-lines .split-inner\",\"duration\":700,\"delay\":100,\"easing\":\"easeOutQuint\",\"direction\":\"forward\",\"initValues\":{\"scale\":1},\"animations\":{\"scale\":1}}' data-split-options='{\"type\":\"lines\"}'><span class=\"ld-fh-txt\"> Let us invite you for discussing and meeting about our products.<\/span><\/h2><\/div><style>.ld_fancy_heading_69f238b645403 p{font-size:20px;line-height:1.764em;font-weight:300;color:rgba(255, 255, 255, 0.599);}.ld_fancy_heading_69f238b645403 p {margin-bottom:3em !important;  } @media (min-width: 992px) { .ld_fancy_heading_69f238b645403 p {margin-right:25% !important;  }  } .ld_fancy_heading_69f238b645403 .lqd-highlight-inner{height:0.275em;bottom:0px;}.ld_fancy_heading_69f238b645403 p {margin-bottom:3em !important;  } @media (min-width: 992px) { .ld_fancy_heading_69f238b645403 p {margin-right:25% !important;  }  } <\/style><div class=\"ld-fancy-heading ld_fancy_heading_69f238b645403\">\n\t<p class=\"lqd-highlight-underline lqd-highlight-grow-left\" data-split-text=\"true\" data-custom-animations=\"true\" data-ca-options='{\"triggerHandler\":\"inview\",\"animationTarget\":\".lqd-lines .split-inner\",\"duration\":700,\"delay\":100,\"easing\":\"easeOutQuint\",\"direction\":\"forward\",\"initValues\":{\"scale\":1},\"animations\":{\"scale\":1}}' data-split-options='{\"type\":\"lines\"}'><span class=\"ld-fh-txt\"> Give your contact information and let us contact you to state questions, comments and suggestions and to get information about our products.<\/span><\/p><\/div><style>.ld_spacer_69f238b6456df{height:45px;}<\/style>\n<div class=\"ld-empty-space vc_hidden-lg ld_spacer_69f238b6456df\"><span class=\"liquid_empty_space_inner\"><\/span><\/div>[\/vc_column][vc_column align=&#8221;text-center&#8221; offset=&#8221;vc_col-md-5&#8243; css=&#8221;.vc_custom_1546519320706{padding-top: 10% !important;padding-right: 9% !important;padding-bottom: 0px !important;padding-left: 9% !important;background-color: #ffffff !important;border-radius: 5px !important;}&#8221; responsive_css=&#8221;padding_bottom_medium:0px&#8221;]<style>.ld_fancy_heading_69f238b6459bf h5{font-size:30px;font-weight:300;}.ld_fancy_heading_69f238b6459bf .lqd-highlight-inner{height:0.275em;bottom:0px;}<\/style><div class=\"ld-fancy-heading ld_fancy_heading_69f238b6459bf\">\n\t<h5 class=\"lqd-highlight-underline lqd-highlight-grow-left\" ><span class=\"ld-fh-txt\"> Your contact information<\/span><\/h5><\/div><style>.ld_fancy_heading_69f238b645caf .lqd-highlight-inner{height:0.275em;bottom:0px;}<\/style><div class=\"ld-fancy-heading ld_fancy_heading_69f238b645caf\">\n\t<p class=\"lqd-highlight-underline lqd-highlight-grow-left\" ><span class=\"ld-fh-txt\"> Share your contact information that we can reach you with us and we will reach you as soon as possible.<\/span><\/p><\/div><style>.ld_spacer_69f238b645f29{height:20px;}<\/style>\n<div class=\"ld-empty-space ld_spacer_69f238b645f29\"><span class=\"liquid_empty_space_inner\"><\/span><\/div><style>.ld_cf7_69f238b646187 input,.ld_cf7_69f238b646187 textarea,.ld_cf7_69f238b646187 .ui-selectmenu-button{font-size:14px;}.ld_cf7_69f238b646187 input[type=\"submit\"], .ld_cf7_69f238b646187 button[type=\"submit\"]{font-size:14px;}.ld_cf7_69f238b646187 input:focus, .ld_cf7_69f238b646187 select:focus, .ld_cf7_69f238b646187 textarea:focus, .ld_cf7_69f238b646187 .ui-selectmenu-button:hover{background:rgb(237, 239, 241);color:rgb(111, 114, 116);}.ld_cf7_69f238b646187 input, .ld_cf7_69f238b646187 select, .ld_cf7_69f238b646187 textarea, .ld_cf7_69f238b646187 .ui-selectmenu-button{color:rgb(111, 114, 116);border-color:rgba(255, 255, 255, 0.147);}.ld_cf7_69f238b646187 input[type=\"submit\"]:focus,.ld_cf7_69f238b646187 input[type=\"submit\"]:hover, .ld_cf7_69f238b646187 button[type=\"submit\"]:focus, .ld_cf7_69f238b646187 button[type=\"submit\"]:hover{background:rgb(44, 44, 44);}.ld_cf7_69f238b646187 input[type=\"submit\"]:hover, .ld_cf7_69f238b646187 button[type=\"submit\"]:hover{border-color:rgb(44, 44, 44);}<\/style><div id=\"ld_cf7_69f238b646187\" class=\"lqd-contact-form ld_cf7_69f238b646187 vc_custom_1604312233053\">\n\t\n<div class=\"wpcf7 no-js\" id=\"wpcf7-f5225-o1\" lang=\"en-US\" dir=\"ltr\" data-wpcf7-id=\"5225\">\n<div class=\"screen-reader-response\"><p role=\"status\" aria-live=\"polite\" aria-atomic=\"true\"><\/p> <ul><\/ul><\/div>\n<form action=\"\/en\/wp-json\/wp\/v2\/pages\/5135#wpcf7-f5225-o1\" method=\"post\" class=\"wpcf7-form init\" aria-label=\"Contact form\" novalidate=\"novalidate\" data-status=\"init\">\n<fieldset class=\"hidden-fields-container\"><input type=\"hidden\" name=\"_wpcf7\" value=\"5225\" \/><input type=\"hidden\" name=\"_wpcf7_version\" value=\"6.1.5\" \/><input type=\"hidden\" name=\"_wpcf7_locale\" value=\"en_US\" \/><input type=\"hidden\" name=\"_wpcf7_unit_tag\" value=\"wpcf7-f5225-o1\" \/><input type=\"hidden\" name=\"_wpcf7_container_post\" value=\"0\" \/><input type=\"hidden\" name=\"_wpcf7_posted_data_hash\" value=\"\" \/>\n<\/fieldset>\n<div class=\"row\">\n\t<p class=\"col-md-6\"><br \/>\n<span class=\"wpcf7-form-control-wrap\" data-name=\"text-500\"><input size=\"40\" maxlength=\"400\" class=\"wpcf7-form-control wpcf7-text wpcf7-validates-as-required\" aria-required=\"true\" aria-invalid=\"false\" placeholder=\"Name\" value=\"\" type=\"text\" name=\"text-500\" \/><\/span>\n\t<\/p>\n\t<p class=\"col-md-6\"><br \/>\n<span class=\"wpcf7-form-control-wrap\" data-name=\"text-755\"><input size=\"40\" maxlength=\"400\" class=\"wpcf7-form-control wpcf7-text wpcf7-validates-as-required\" aria-required=\"true\" aria-invalid=\"false\" placeholder=\"Surname\" value=\"\" type=\"text\" name=\"text-755\" \/><\/span>\n\t<\/p>\n\t<p class=\"col-md-6\"><br \/>\n<span class=\"wpcf7-form-control-wrap\" data-name=\"email-48\"><input size=\"40\" maxlength=\"400\" class=\"wpcf7-form-control wpcf7-email wpcf7-validates-as-required wpcf7-text wpcf7-validates-as-email\" aria-required=\"true\" aria-invalid=\"false\" placeholder=\"Email\" value=\"\" type=\"email\" name=\"email-48\" \/><\/span>\n\t<\/p>\n\t<p class=\"col-md-6\"><br \/>\n<span class=\"wpcf7-form-control-wrap\" data-name=\"tel-0\"><input size=\"40\" maxlength=\"400\" class=\"wpcf7-form-control wpcf7-tel wpcf7-validates-as-required wpcf7-text wpcf7-validates-as-tel\" aria-required=\"true\" aria-invalid=\"false\" placeholder=\"Phone*\" value=\"\" type=\"tel\" name=\"tel-0\" \/><\/span>\n\t<\/p>\n\t<p class=\"col-md-12 mt-1\"><br \/>\n<input class=\"wpcf7-form-control wpcf7-submit has-spinner\" type=\"submit\" value=\"SEND\" \/>\n\t<\/p>\n<\/div><div class=\"wpcf7-response-output\" aria-hidden=\"true\"><\/div>\n<\/form>\n<\/div>\n<\/div>[\/vc_column][\/vc_row][vc_row full_width=&#8221;stretch_row&#8221; gap=&#8221;0&#8243;][vc_column][vc_gmaps link=&#8221;#E-8_JTNDaWZyYW1lJTIwc3JjJTNEJTIyaHR0cHMlM0ElMkYlMkZ3d3cuZ29vZ2xlLmNvbSUyRm1hcHMlMkZlbWJlZCUzRnBiJTNEJTIxMW0xOCUyMTFtMTIlMjExbTMlMjExZDMwMTQuNDk2NDMxMjQyMjQwOCUyMTJkNDAuMDcwNDk0ODE1NDExNDYlMjEzZDQwLjkyNjc4NTk3OTMwOTElMjEybTMlMjExZjAlMjEyZjAlMjEzZjAlMjEzbTIlMjExaTEwMjQlMjEyaTc2OCUyMTRmMTMuMSUyMTNtMyUyMTFtMiUyMTFzMHg0MDY0MmQ0MzU3NWNhNDExJTI1M0EweDk1M2ExODA3OWQyZjhjZTAlMjEyelJHX2h1S0YxY0dWdSUyMTVlMCUyMTNtMiUyMTFzdHIlMjEyc3RyJTIxNHYxNTczNjI2Njk0NzI1JTIxNW0yJTIxMXN0ciUyMTJzdHIlMjIlMjB3aWR0aCUzRCUyMjE5MjAlMjIlMjBoZWlnaHQlM0QlMjI2MDAlMjIlMjBmcmFtZWJvcmRlciUzRCUyMjAlMjIlMjBzdHlsZSUzRCUyMmJvcmRlciUzQTAlM0IlMjIlMjBhbGxvd2Z1bGxzY3JlZW4lM0QlMjIlMjIlM0UlM0MlMkZpZnJhbWUlM0U=&#8221;][\/vc_column][\/vc_row][vc_row][vc_column enable_column_shadowbox=&#8221;yes&#8221; css=&#8221;.vc_custom_1561625412650{margin-top: -10% !important;padding-top: 45px !important;padding-right: 15px !important;padding-bottom: 30px !important;padding-left: 15px !important;background-color: #292b3a !important;}&#8221; column_box_shadow=&#8221;%5B%7B%22x_offset%22%3A%220%22%2C%22y_offset%22%3A%2215px%22%2C%22blur_radius%22%3A%2250px%22%2C%22shadow_color%22%3A%22rgba(0%2C%200%2C%200%2C%200.025)%22%7D%5D&#8221;][vc_row_inner][vc_column_inner width=&#8221;1\/2&#8243; offset=&#8221;vc_col-md-5&#8243; css=&#8221;.vc_custom_1561623485592{padding-left: 15px !important;}&#8221;]<style>.ld_fancy_heading_69f238b646e41 h2{font-size:24px;font-weight:700;color:rgb(0, 203, 255);}.ld_fancy_heading_69f238b646e41 h2 {margin-bottom:0.65em !important;  } .ld_fancy_heading_69f238b646e41 .lqd-highlight-inner{height:0.275em;bottom:0px;}.ld_fancy_heading_69f238b646e41 h2 {margin-bottom:0.65em !important;  } <\/style><div class=\"ld-fancy-heading ld_fancy_heading_69f238b646e41\">\n\t<h2 class=\"lqd-highlight-underline lqd-highlight-grow-left\" ><span class=\"ld-fh-txt\"> <small><i class=\"icon-liquid_map_pin mr-2 fa-1x\"><\/i><\/small> Plaza<\/span><\/h2><\/div>[vc_column_text]<span style=\"color: #fff; font-size: 14px;\">Trabzon-Rize Devlet Yolu K\u00fc\u00e7\u00fck Dere K\u00f6pr\u00fcs\u00fc Yan\u0131 S\u00fcrmene \/ TRABZON<\/span>[\/vc_column_text][vc_separator color=&#8221;custom&#8221; align=&#8221;align_left&#8221; el_width=&#8221;30&#8243; accent_color=&#8221;#ffc70a&#8221; css=&#8221;.vc_custom_1539041562466{margin-top: 13px !important;margin-bottom: 15px !important;}&#8221;][vc_column_text]<span style=\"color: #fff; font-size: 14px;\">T: +90 462 746 14 54<br \/>\nF: +90 462 746 52 31<br \/>\ninfo@dogupen.com.tr<\/span>[\/vc_column_text]<style>.ld_spacer_69f238b6472f2{height:32px;}<\/style>\n<div class=\"ld-empty-space ld_spacer_69f238b6472f2\"><span class=\"liquid_empty_space_inner\"><\/span><\/div>[\/vc_column_inner][vc_column_inner width=&#8221;1\/2&#8243; offset=&#8221;vc_col-md-offset-1 vc_col-md-5&#8243; css=&#8221;.vc_custom_1561623494255{padding-left: 15px !important;}&#8221;]<style>.ld_fancy_heading_69f238b64758c h2{font-size:24px;font-weight:700;color:rgb(0, 203, 255);}.ld_fancy_heading_69f238b64758c h2 {margin-bottom:0.65em !important;  } .ld_fancy_heading_69f238b64758c .lqd-highlight-inner{height:0.275em;bottom:0px;}.ld_fancy_heading_69f238b64758c h2 {margin-bottom:0.65em !important;  } <\/style><div class=\"ld-fancy-heading ld_fancy_heading_69f238b64758c\">\n\t<h2 class=\"lqd-highlight-underline lqd-highlight-grow-left\" ><span class=\"ld-fh-txt\"> <small><i class=\"icon-liquid_map_pin mr-2 fa-1x\"><\/i><\/small>\u00a0Ordu Branch Office<\/span><\/h2><\/div>[vc_column_text]<span style=\"color: #fff; font-size: 14px;\">Cumhuriyet Mahallesi Mustafa Kemal Bulvar\u0131 No: 68 Alt\u0131nordu \/ ORDU<\/span>[\/vc_column_text][vc_separator color=&#8221;custom&#8221; align=&#8221;align_left&#8221; el_width=&#8221;30&#8243; accent_color=&#8221;#ffc70a&#8221; css=&#8221;.vc_custom_1539041568111{margin-top: 13px !important;margin-bottom: 15px !important;}&#8221;][vc_column_text]<span style=\"color: #fff; font-size: 14px;\">+90 (452) 777 75 55<br \/>\ninfo@dogupen.com.tr<\/span>[\/vc_column_text]<style>.ld_spacer_69f238b647891{height:32px;}<\/style>\n<div class=\"ld-empty-space ld_spacer_69f238b647891\"><span class=\"liquid_empty_space_inner\"><\/span><\/div>[\/vc_column_inner][\/vc_row_inner][\/vc_column][\/vc_row][vc_row][vc_column]<style>.ld_spacer_69f238b647a9b{height:50px;}<\/style>\n<div class=\"ld-empty-space ld_spacer_69f238b647a9b\"><span class=\"liquid_empty_space_inner\"><\/span><\/div>[\/vc_column][\/vc_row]<\/p>\n<\/div>","protected":false},"excerpt":{"rendered":"<p>[vc_row gap=&#8221;30&#8243; full_height=&#8221;yes&#8221; content_placement=&#8221;middle&#8221; enable_loading_bg=&#8221;yes&#8221; bg_position=&#8221;center center&#8221; bg_attachment=&#8221;fixed&#8221; enable_overlay=&#8221;yes&#8221; css=&#8221;.vc_custom_1562843010287{padding-top: 150px !important;padding-bottom: 150px !important;background-image: url(https:\/\/dogupen.com.tr\/wp-content\/uploads\/2019\/07\/hall.jpg?id=4522)&#8230;<\/p>\n","protected":false},"author":1,"featured_media":0,"parent":0,"menu_order":0,"comment_status":"closed","ping_status":"closed","template":"","meta":{"footnotes":""},"class_list":["post-5135","page","type-page","status-publish","hentry"],"_links":{"self":[{"href":"https:\/\/dogupen.com.tr\/en\/wp-json\/wp\/v2\/pages\/5135","targetHints":{"allow":["GET"]}}],"collection":[{"href":"https:\/\/dogupen.com.tr\/en\/wp-json\/wp\/v2\/pages"}],"about":[{"href":"https:\/\/dogupen.com.tr\/en\/wp-json\/wp\/v2\/types\/page"}],"author":[{"embeddable":true,"href":"https:\/\/dogupen.com.tr\/en\/wp-json\/wp\/v2\/users\/1"}],"replies":[{"embeddable":true,"href":"https:\/\/dogupen.com.tr\/en\/wp-json\/wp\/v2\/comments?post=5135"}],"version-history":[{"count":6,"href":"https:\/\/dogupen.com.tr\/en\/wp-json\/wp\/v2\/pages\/5135\/revisions"}],"predecessor-version":[{"id":5227,"href":"https:\/\/dogupen.com.tr\/en\/wp-json\/wp\/v2\/pages\/5135\/revisions\/5227"}],"wp:attachment":[{"href":"https:\/\/dogupen.com.tr\/en\/wp-json\/wp\/v2\/media?parent=5135"}],"curies":[{"name":"wp","href":"https:\/\/api.w.org\/{rel}","templated":true}]}}