{"id":5143,"date":"2020-10-30T13:03:20","date_gmt":"2020-10-30T10:03:20","guid":{"rendered":"https:\/\/dogupen.com.tr\/?page_id=5143"},"modified":"2020-11-02T14:40:53","modified_gmt":"2020-11-02T11:40:53","slug":"corporate","status":"publish","type":"page","link":"https:\/\/dogupen.com.tr\/en\/corporate\/","title":{"rendered":"Corporate"},"content":{"rendered":"<div class=\"wpb-content-wrapper\"><p>[vc_row css=&#8221;.vc_custom_1533200633779{padding-top: 80px !important;padding-bottom: 80px !important;}&#8221;][vc_column]<style>.ld_tabs_69f24a5dd446e .tabs-nav > li.active > a, .ld_tabs_69f24a5dd446e .tabs-nav > li:hover > a{color:rgb(14, 48, 93);}.ld_tabs_69f24a5dd446e .tabs-nav a:after{background-color:rgb(255, 199, 10);}<\/style><div class=\"tabs tabs tabs-nav-side tabs-nav-shadowed ld_tabs_69f24a5dd446e\" >\n\t<ul class=\"nav tabs-nav\" role=\"tablist\"><li class=\"tabs-nav-title\">\n\t\t\t\t\t\t<h6 class=\"font-weight-bold\">Corporate<\/h6>\n\t\t\t\t\t<\/li><li role=\"presentation\" class=\"h5 active\"><a href=\"#1533200317764-ac74f373-16fd\" aria-expanded=\"false\" aria-controls=\"1533200317764-ac74f373-16fd\" role=\"tab\" data-toggle=\"tab\">About Us<\/a><\/li><li role=\"presentation\" class=\"h5\"><a href=\"#ld-1540892380633-ac11e805-d3a4\" aria-expanded=\"false\" aria-controls=\"ld-1540892380633-ac11e805-d3a4\" role=\"tab\" data-toggle=\"tab\">Mission<\/a><\/li><li role=\"presentation\" class=\"h5\"><a href=\"#ld-1540892380298-e81a8c40-36e8\" aria-expanded=\"false\" aria-controls=\"ld-1540892380298-e81a8c40-36e8\" role=\"tab\" data-toggle=\"tab\">Vision<\/a><\/li><li role=\"presentation\" class=\"h5\"><a href=\"#ld-1540892379898-28ba5c67-8a03\" aria-expanded=\"false\" aria-controls=\"ld-1540892379898-28ba5c67-8a03\" role=\"tab\" data-toggle=\"tab\">Quality Policy<\/a><\/li><\/ul>\t<div class=\"tabs-content\"><div id=\"1533200317764-ac74f373-16fd\" role=\"tabpanel\" class=\"tabs-pane fade active in\"><p>[vc_row_inner css=&#8221;.vc_custom_1533201189477{padding-left: 7% !important;}&#8221;][vc_column_inner]<style>.ld_fancy_heading_69f24a5d583ce .lqd-highlight-inner{height:0.275em;bottom:0px;}<\/style><div class=\"ld-fancy-heading ld_fancy_heading_69f24a5d583ce\">\n\t<h2 class=\"lqd-highlight-underline lqd-highlight-grow-left\" ><span class=\"ld-fh-txt\"> Do\u011fupen Hakk\u0131m\u0131zda<\/span><\/h2><\/div><style>.ld_icon_box_69f24a5d58783 .iconbox-icon-container{color:rgb(255, 255, 255);border-radius:px;}.ld_icon_box_69f24a5d58783 h3{margin-bottom:px;}<\/style>\n<div class=\"iconbox iconbox-side iconbox-sm iconbox-heading-sm ld_icon_box_69f24a5d58783\" id=\"ld_icon_box_69f24a5d58783\"  data-plugin-options='{\"color\":\"rgb(255, 255, 255)\"}'  >\n\t\n\t\t<div class=\"iconbox-icon-wrap\"><span class=\"iconbox-icon-container\"><\/span><\/div><!-- \/.iconbox-icon-wrap -->\t\n\t\t\n\t<div class=\"contents\">\t\n\t\t<p class=\"p1\">Our company, which went into actions as a small business established by &#8220;Erol \u015eeng\u00fcn&#8221; in an area of 150m\u00b2 in Trabzon S\u00fcrmene in 1989, continued its activities with the Limited Company established in 1998.<br \/>\nAfter acquiring the Pakpen Local Dealership in 1992, Dogupen continued to produce doors and windows, and developed rapidly by expanding its work in its field.Today, <strong>DOGUPEN<\/strong>, which is active in a closed area of 14.000 m2, has become one of the few enterprises in Trabzon and the Eastern Black Sea Region, and has become one of the leading organizations in the region with an annual production capacity of 5.000 tons.<\/p>\n\t\t\n\t<\/div>\t\n\t\n<\/div>\n<style>.ld_spacer_69f24a5d59b3f{height:32px;}<\/style>\n<div class=\"ld-empty-space ld_spacer_69f24a5d59b3f\"><span class=\"liquid_empty_space_inner\"><\/span><\/div>\n<div id=\"ld_content_box_69f24a5d59e3b\" class=\"fancy-box border-radius-3 scheme-light fancy-box-overlay shadowed ld_content_box_69f24a5d59e3b\">\n\t\n\t<div class=\"cb-img-container border-radius-3\">\n\t\t<figure class=\"fancy-box-image border-radius-3\" data-responsive-bg=\"true\" data-liquid-blur=\"true\" data-blur-options='{\"imgSrc\":\"backgroundImage\",\"radius\":20,\"blurHandlerOn\":\"static\"}'><img decoding=\"async\" width=\"1920\" height=\"1280\" src=\"data:image\/svg+xml;charset=utf-8,&lt;svg xmlns%3D&#039;http%3A%2F%2Fwww.w3.org%2F2000%2Fsvg&#039; viewBox%3D&#039;0 0 1920 1280&#039;%2F&gt;\" class=\"invisible ld-lazyload\" alt=\"\" srcset=\"\" sizes=\"(max-width: 1920px) 100vw, 1920px\" data-src=\"https:\/\/dogupen.com.tr\/wp-content\/uploads\/2019\/07\/dogupen-hakkimizda-2.jpg\" data-srcset=\"https:\/\/dogupen.com.tr\/wp-content\/uploads\/2019\/07\/dogupen-hakkimizda-2.jpg 1920w, https:\/\/dogupen.com.tr\/wp-content\/uploads\/2019\/07\/dogupen-hakkimizda-2-300x200.jpg 300w, https:\/\/dogupen.com.tr\/wp-content\/uploads\/2019\/07\/dogupen-hakkimizda-2-1024x683.jpg 1024w\" data-aspect=\"1.5\" \/><\/figure>\t<\/div><!-- \/.cb-img-container -->\n\n\t<span class=\"cb-overlay\"><\/span><!-- \/.cb-overlay -->\n\n\t<div class=\"fancy-box-contents border-radius-3\">\n\t\t\n\t\t<div class=\"fancy-box-header\">\n\t\t\t\t\t\t\t\t\t\t\t<\/div><!-- \/.fancy-box-header -->\n\t\t\n\t\t\t\t\t<div class=\"fancy-box-footer\">\n\t\t\t\t<style>.ld_button_69f24a5dcef59.btn-icon-solid .btn-icon{background:-webkit-linear-gradient(to right, rgb(255, 255, 255) 0%, rgb(255, 255, 255) 100%);background:linear-gradient(to right, rgb(255, 255, 255) 0%, rgb(255, 255, 255) 100%);}.ld_button_69f24a5dcef59.btn-icon-circle.btn-icon-ripple .btn-icon:before{border-color:rgb(255, 255, 255);}.ld_button_69f24a5dcef59.btn-icon-solid:hover .btn-icon{background:-webkit-linear-gradient(to right, rgb(255, 199, 10) 0%, rgb(255, 199, 10) 100%);background:linear-gradient(to right, rgb(255, 199, 10) 0%, rgb(255, 199, 10) 100%);}.ld_button_69f24a5dcef59{color:rgb(255, 255, 255);font-size:12px !important;letter-spacing:0.2em !important;}.ld_button_69f24a5dcef59:hover{color:rgb(255, 199, 10);}.ld_button_69f24a5dcef59 .btn-txt{background:-webkit-linear-gradient(to right, rgb(255, 255, 255) 0%, rgb(255, 255, 255) 100%);background:linear-gradient(to right, rgb(255, 255, 255) 0%, rgb(255, 255, 255) 100%);}.ld_button_69f24a5dcef59:not(.btn-icon-solid) .btn-icon i{background:-webkit-linear-gradient(to right, rgb(255, 255, 255) 0%, rgb(255, 255, 255) 100%);background:linear-gradient(to right, rgb(255, 255, 255) 0%, rgb(255, 255, 255) 100%);}.ld_button_69f24a5dcef59:hover .btn-txt{background:-webkit-linear-gradient(to right, rgb(255, 199, 10) 0%, rgb(255, 199, 10) 100%);background:linear-gradient(to right, rgb(255, 199, 10) 0%, rgb(255, 199, 10) 100%);}.ld_button_69f24a5dcef59:hover:not(.btn-icon-solid) .btn-icon i{background:-webkit-linear-gradient(to right, rgb(255, 199, 10) 0%, rgb(255, 199, 10) 100%);background:linear-gradient(to right, rgb(255, 199, 10) 0%, rgb(255, 199, 10) 100%);}.ld_button_69f24a5dcef59:before{background:rgb(255, 199, 10);}.ld_button_69f24a5dcef59:after{background:rgb(255, 199, 10);}.ld_button_69f24a5dcef59.btn-bordered{border-color:rgb(255, 199, 10);}<\/style><a href=\"#\" class=\"btn btn-underlined text-uppercase btn-bordered border-thin btn-gradient ld_button_69f24a5dcef59\">\n\t<span>\n\t\t\n\t\t\t\n\t\t\t\t<\/span>\n<\/a>\n\t\t\t<\/div><!-- \/.fancy-box-footer -->\n\t\t\n\t<\/div><!-- \/.fancy-box-contents -->\n\n\t\t\n<\/div><!-- \/.fancy-box fancy-box-classes --><style>.ld_icon_box_69f24a5dd03a7 .iconbox-icon-container{color:rgb(255, 255, 255);border-radius:px;}.ld_icon_box_69f24a5dd03a7 h3{margin-bottom:px;}<\/style>\n<div class=\"iconbox iconbox-side iconbox-sm iconbox-heading-sm ld_icon_box_69f24a5dd03a7\" id=\"ld_icon_box_69f24a5dd03a7\"  data-plugin-options='{\"color\":\"rgb(255, 255, 255)\"}'  >\n\t\n\t\t<div class=\"iconbox-icon-wrap\"><span class=\"iconbox-icon-container\"><\/span><\/div><!-- \/.iconbox-icon-wrap -->\t\n\t\t\n\t<div class=\"contents\">\t\n\t\t<p>Dogupen, which started investing in 2013 to developed two times more its existing factory, aims to the two times more production.Dogupen, which has a high performance and rises and grow continuously, continues to add new branches to its structure. Dogupen opened a new branch in Ordu in 2014 and continued its production here as well, while dominating the region with approximately 120 employees, it continues to create a new mission in the market with its young dynamic staff.Our company, which produces PVC door and window systems with Dogupen brand and started to create its own profile with the TSE Certificate of Conformity, has built to the dealership system and also distributes these products with its own dealer network.Our company, which is on a new quests, has been coming out of the box with the ESWIN brand for about 1 year. Dogupen, has developing day by day with the understanding of the market that shapes the sector, started the production of TOKI&#8217;s projects with the 6o series with 3mm wall thickness.DOGUPEN serves with a wide range of products from window to garden accessories, from exterior to door and double glass production in the building sector in which is active.<\/p>\n\t\t\n\t<\/div>\t\n\t\n<\/div>\n[\/vc_column_inner][\/vc_row_inner]<\/p>\n<\/div><div id=\"ld-1540892380633-ac11e805-d3a4\" role=\"tabpanel\" class=\"tabs-pane fade\"><p>[vc_row_inner css=&#8221;.vc_custom_1533201189477{padding-left: 7% !important;}&#8221;][vc_column_inner]<style>.ld_fancy_heading_69f24a5dd1852 .lqd-highlight-inner{height:0.275em;bottom:0px;}<\/style><div class=\"ld-fancy-heading ld_fancy_heading_69f24a5dd1852\">\n\t<h2 class=\"lqd-highlight-underline lqd-highlight-grow-left\" ><span class=\"ld-fh-txt\"> Our Mission<\/span><\/h2><\/div><style>.ld_spacer_69f24a5dd2558{height:32px;}<\/style>\n<div class=\"ld-empty-space ld_spacer_69f24a5dd2558\"><span class=\"liquid_empty_space_inner\"><\/span><\/div>[vc_column_text]Our mission is to provide our customers with the highest quality services and products with our advanced logistics network and optimum delivery time by responding to the demands of our customers in line with the expectations of our customers in a fast and timely manner.[\/vc_column_text][\/vc_column_inner][\/vc_row_inner]<\/p>\n<\/div><div id=\"ld-1540892380298-e81a8c40-36e8\" role=\"tabpanel\" class=\"tabs-pane fade\"><p>[vc_row_inner css=&#8221;.vc_custom_1533201189477{padding-left: 7% !important;}&#8221;][vc_column_inner]<style>.ld_fancy_heading_69f24a5dd2d08 .lqd-highlight-inner{height:0.275em;bottom:0px;}<\/style><div class=\"ld-fancy-heading ld_fancy_heading_69f24a5dd2d08\">\n\t<h2 class=\"lqd-highlight-underline lqd-highlight-grow-left\" ><span class=\"ld-fh-txt\"> Our Vision<\/span><\/h2><\/div><style>.ld_spacer_69f24a5dd36d0{height:32px;}<\/style>\n<div class=\"ld-empty-space ld_spacer_69f24a5dd36d0\"><span class=\"liquid_empty_space_inner\"><\/span><\/div>[vc_column_text]With our experience, equipped team and technological infrastructure, DOGUPEN, which easily meets the regional demands today, moves our brand further and makes it one of the leading brands in the country in Pvc door and Window Systems.[\/vc_column_text][\/vc_column_inner][\/vc_row_inner]<\/p>\n<\/div><div id=\"ld-1540892379898-28ba5c67-8a03\" role=\"tabpanel\" class=\"tabs-pane fade\"><p>[vc_row_inner css=&#8221;.vc_custom_1533201189477{padding-left: 7% !important;}&#8221;][vc_column_inner]<style>.ld_fancy_heading_69f24a5dd3ac5 .lqd-highlight-inner{height:0.275em;bottom:0px;}<\/style><div class=\"ld-fancy-heading ld_fancy_heading_69f24a5dd3ac5\">\n\t<h2 class=\"lqd-highlight-underline lqd-highlight-grow-left\" ><span class=\"ld-fh-txt\"> Quality Policy<\/span><\/h2><\/div><style>.ld_spacer_69f24a5dd3fa0{height:32px;}<\/style>\n<div class=\"ld-empty-space ld_spacer_69f24a5dd3fa0\"><span class=\"liquid_empty_space_inner\"><\/span><\/div>[\/vc_column_inner][vc_column_inner offset=&#8221;vc_col-md-12&#8243;]<style>.ld_spacer_69f24a5dd423e{height:32px;}<\/style>\n<div class=\"ld-empty-space ld_spacer_69f24a5dd423e\"><span class=\"liquid_empty_space_inner\"><\/span><\/div>[vc_column_text]For the happiness of customers, company owners, suppliers, employees and society, :<\/p>\n<p>* Quality, environment and safety awareness,<br \/>\n\u2022 First time, error-free, on time, at the lowest cost,<br \/>\n* It is to do by constantly improving.[\/vc_column_text][\/vc_column_inner][\/vc_row_inner]<\/p>\n<\/div><\/div><\/div>\n[\/vc_column][\/vc_row]<\/p>\n<\/div>","protected":false},"excerpt":{"rendered":"<p>[vc_row css=&#8221;.vc_custom_1533200633779{padding-top: 80px !important;padding-bottom: 80px !important;}&#8221;][vc_column][\/vc_column][\/vc_row]<\/p>\n","protected":false},"author":1,"featured_media":0,"parent":0,"menu_order":0,"comment_status":"closed","ping_status":"closed","template":"","meta":{"footnotes":""},"class_list":["post-5143","page","type-page","status-publish","hentry"],"_links":{"self":[{"href":"https:\/\/dogupen.com.tr\/en\/wp-json\/wp\/v2\/pages\/5143","targetHints":{"allow":["GET"]}}],"collection":[{"href":"https:\/\/dogupen.com.tr\/en\/wp-json\/wp\/v2\/pages"}],"about":[{"href":"https:\/\/dogupen.com.tr\/en\/wp-json\/wp\/v2\/types\/page"}],"author":[{"embeddable":true,"href":"https:\/\/dogupen.com.tr\/en\/wp-json\/wp\/v2\/users\/1"}],"replies":[{"embeddable":true,"href":"https:\/\/dogupen.com.tr\/en\/wp-json\/wp\/v2\/comments?post=5143"}],"version-history":[{"count":5,"href":"https:\/\/dogupen.com.tr\/en\/wp-json\/wp\/v2\/pages\/5143\/revisions"}],"predecessor-version":[{"id":5241,"href":"https:\/\/dogupen.com.tr\/en\/wp-json\/wp\/v2\/pages\/5143\/revisions\/5241"}],"wp:attachment":[{"href":"https:\/\/dogupen.com.tr\/en\/wp-json\/wp\/v2\/media?parent=5143"}],"curies":[{"name":"wp","href":"https:\/\/api.w.org\/{rel}","templated":true}]}}