{"id":5147,"date":"2020-10-30T13:05:12","date_gmt":"2020-10-30T10:05:12","guid":{"rendered":"https:\/\/dogupen.com.tr\/?page_id=5147"},"modified":"2020-10-30T13:05:12","modified_gmt":"2020-10-30T10:05:12","slug":"our-products","status":"publish","type":"page","link":"https:\/\/dogupen.com.tr\/en\/our-products\/","title":{"rendered":"Our Products"},"content":{"rendered":"<div class=\"wpb-content-wrapper\"><p>[vc_row full_width=&#8221;stretch_row_content_no_spaces&#8221; full_height=&#8221;yes&#8221; equal_height=&#8221;yes&#8221;][vc_column enable_content_animation=&#8221;yes&#8221; ca_init_scale_x=&#8221;0.5&#8243; ca_init_scale_y=&#8221;0.25&#8243; ca_init_scale_z=&#8221;1&#8243; ca_init_opacity=&#8221;0&#8243; ca_an_scale_x=&#8221;1&#8243; ca_an_scale_y=&#8221;1&#8243; ca_an_scale_z=&#8221;1&#8243; ca_an_opacity=&#8221;1&#8243; ca_duration=&#8221;2000&#8243; offset=&#8221;vc_hidden-sm vc_hidden-xs&#8221;]<style>.ld_particles_69f2389890e99{height:400px!important;position:absolute;}@media (min-width: 992px) { .ld_particles_69f2389890e99 {top:160px !important;  }  } <\/style><div class=\"ld-particles-container ld_particles_69f2389890e99\">\n\n\t<div class=\"ld-particles-inner\" id=\"ld-1524905930539-9c1b067e-aab5\" data-particles=\"true\" data-particles-options='{\"particles\":{\"shape\":{\"type\":[\"triangle\"]},\"move\":{\"enable\":true,\"direction\":\"right\",\"out_mode\":\"out\",\"attract\":{\"enable\":true}}},\"interactivity\":[]}'><\/div>\t\n\n<\/div><!-- \/.particles -->[\/vc_column][vc_column enable_column_shadowbox=&#8221;yes&#8221; align=&#8221;text-center&#8221; offset=&#8221;vc_col-md-offset-3 vc_col-md-6&#8243; css=&#8221;.vc_custom_1561644397391{padding-top: 120px !important;padding-bottom: 120px !important;background-color: #ffffff !important;}&#8221; column_box_shadow=&#8221;%5B%7B%22x_offset%22%3A%22-10px%22%2C%22y_offset%22%3A%220%22%2C%22blur_radius%22%3A%2230px%22%2C%22spread_radius%22%3A%221px%22%2C%22shadow_color%22%3A%22rgb(255%2C%20255%2C%20255)%22%7D%2C%7B%22x_offset%22%3A%2210px%22%2C%22y_offset%22%3A%220%22%2C%22blur_radius%22%3A%2230px%22%2C%22spread_radius%22%3A%221px%22%2C%22shadow_color%22%3A%22rgb(255%2C%20255%2C%20255)%22%7D%5D&#8221; el_class=&#8221;z-index-2&#8243; responsive_css=&#8221;padding_top_medium:185px&#8221;]<style>.ld_fancy_heading_69f23898920a1 h2{font-size:150px;letter-spacing:-0.04em;color:rgb(24, 27, 49);}.ld_fancy_heading_69f23898920a1 h2 {margin-bottom:0px !important;  } .ld_fancy_heading_69f23898920a1 .lqd-highlight-inner{height:0.275em;bottom:0px;}.ld_fancy_heading_69f23898920a1 h2 {margin-bottom:0px !important;  } <\/style><div class=\"ld-fancy-heading text-center ld_fancy_heading_69f23898920a1\">\n\t<h2 class=\"lqd-highlight-underline lqd-highlight-grow-left\" data-fittext=\"true\" data-fittext-options='{\"compressor\":0.5,\"maxFontSize\":\"currentFontSize\",\"minFontSize\":\"48px\"}' data-split-text=\"true\" data-custom-animations=\"true\" data-ca-options='{\"triggerHandler\":\"inview\",\"animationTarget\":\".lqd-words .split-inner\",\"duration\":700,\"startDelay\":\"420\",\"delay\":100,\"easing\":\"easeOutQuint\",\"direction\":\"forward\",\"initValues\":{\"scale\":1},\"animations\":{\"scale\":1}}' data-split-options='{\"type\":\"words\"}'><span class=\"ld-fh-txt\"> \u00dcr\u00fcn Serilerimiz<\/span><\/h2><\/div><style>.ld_fancy_heading_69f2389892d57 p{font-size:20px;line-height:1.55em;}.ld_fancy_heading_69f2389892d57 p {padding-right:3% !important; padding-left:3% !important;  } @media (min-width: 992px) { .ld_fancy_heading_69f2389892d57 p {padding-right:15% !important; padding-left:15% !important;  }  } @media (min-width: 1200px) { .ld_fancy_heading_69f2389892d57 p {padding-right:20% !important; padding-left:20% !important;  }  } .ld_fancy_heading_69f2389892d57 .lqd-highlight-inner{height:0.275em;bottom:0px;}.ld_fancy_heading_69f2389892d57 p {padding-right:3% !important; padding-left:3% !important;  } @media (min-width: 992px) { .ld_fancy_heading_69f2389892d57 p {padding-right:15% !important; padding-left:15% !important;  }  } @media (min-width: 1200px) { .ld_fancy_heading_69f2389892d57 p {padding-right:20% !important; padding-left:20% !important;  }  } <\/style><div class=\"ld-fancy-heading text-center ld_fancy_heading_69f2389892d57\">\n\t<p class=\"lqd-highlight-underline lqd-highlight-grow-left\" data-fittext=\"true\" data-fittext-options='{\"compressor\":0.5,\"maxFontSize\":\"currentFontSize\",\"minFontSize\":\"17px\"}' data-split-text=\"true\" data-custom-animations=\"true\" data-ca-options='{\"triggerHandler\":\"inview\",\"animationTarget\":\".lqd-lines .split-inner\",\"duration\":700,\"startDelay\":\"630\",\"delay\":100,\"easing\":\"easeOutQuint\",\"direction\":\"forward\",\"initValues\":{\"scale\":1},\"animations\":{\"scale\":1}}' data-split-options='{\"type\":\"lines\"}'><span class=\"ld-fh-txt\"> <\/p>\n<div class=\"desc_wrapper\">\n<div class=\"desc\">DO\u011eUPEN markas\u0131yla Do\u011fal, Faal ve Al Serisi olmak \u00fczere \u00fc\u00e7 farkl\u0131 \u00fcr\u00fcn grubunun sat\u0131\u015f\u0131n\u0131 ger\u00e7ekle\u015ftiriyoruz.<\/div>\n<\/div>\n<p><\/span><\/p><\/div>[\/vc_column][\/vc_row][vc_row enable_content_animation=&#8221;yes&#8221; ca_init_scale_x=&#8221;1&#8243; ca_init_scale_y=&#8221;1&#8243; ca_init_scale_z=&#8221;1&#8243; ca_init_opacity=&#8221;1&#8243; ca_an_scale_x=&#8221;1&#8243; ca_an_scale_y=&#8221;1&#8243; ca_an_scale_z=&#8221;1&#8243; ca_an_opacity=&#8221;1&#8243; css=&#8221;.vc_custom_1561644929970{margin-top: 30px !important;padding-top: 50px !important;}&#8221;][vc_column offset=&#8221;vc_col-md-4&#8243;]<style>.ld_flipbox_69f2389895b0c .ld-flipbox-front{background-image:url(https:\/\/dogupen.com.tr\/wp-content\/uploads\/2019\/06\/pvc-profil-serileri-2.jpg);}.ld_flipbox_69f2389895b0c .ld-flipbox-back{background:rgb(14, 48, 93);}<\/style><div class=\"ld-flipbox ld-flipbox-tb round ld_flipbox_69f2389895b0c\" >\n\t<div class=\"ld-flipbox-wrap\" >\n\t\t<div id=\"ld_flipbox_section_69f2389893747\" class=\"ld-flipbox-face ld-flipbox-front\"><span class=\"ld-flipbox-overlay ld-overlay\"><\/span><div class=\"ld-flipbox-inner\"><div class=\"header-module\">\n\t<style>.ld_button_69f23898944c9.btn-icon-solid .btn-icon{background:rgb(255, 255, 255);}.ld_button_69f23898944c9.btn-icon-circle.btn-icon-ripple .btn-icon:before{border-color:rgb(255, 255, 255);}.ld_button_69f23898944c9{background-color:rgb(255, 255, 255);border-color:rgb(255, 255, 255);color:rgb(5, 35, 75);font-size:15px !important;font-weight:600 !important;letter-spacing:0.025em !important;}.ld_button_69f23898944c9 .btn-gradient-border defs stop:first-child{stop-color:rgb(255, 255, 255);}.ld_button_69f23898944c9 .btn-gradient-border defs stop:last-child{stop-color:rgb(255, 255, 255);}<\/style><a href=\"#\" class=\"btn btn-solid btn-sm semi-round btn-bordered border-thin ld_header_button_69f23898938ac ld_button_69f23898944c9\">\n\t<span>\n\t\t\n\t\t\t\t\t<span class=\"btn-txt\">DO\u011eAL SER\u0130S\u0130<\/span>\n\t\t\t\n\t\t\t\t<\/span>\n<\/a>\n<\/div>\n<\/div><\/div><div id=\"ld_flipbox_section_69f2389894eeb\" class=\"ld-flipbox-face ld-flipbox-back\"><span class=\"ld-flipbox-overlay ld-overlay\"><\/span><div class=\"ld-flipbox-inner\"><div class=\"header-module\">\n\t<style>.ld_button_69f23898956e8.btn-icon-solid .btn-icon{background:rgb(255, 255, 255);}.ld_button_69f23898956e8.btn-icon-circle.btn-icon-ripple .btn-icon:before{border-color:rgb(255, 255, 255);}.ld_button_69f23898956e8.btn-icon-solid:hover .btn-icon{background:rgb(255, 255, 255);}.ld_button_69f23898956e8{color:rgb(255, 255, 255);font-size:13px !important;font-weight:700 !important;letter-spacing:0.2em !important;}.ld_button_69f23898956e8:hover{color:rgb(255, 255, 255);}.ld_button_69f23898956e8:before{background:rgb(255, 255, 255);}.ld_button_69f23898956e8:after{background:rgb(255, 255, 255);}<\/style><a href=\"#\" class=\"btn btn-underlined text-uppercase btn-bordered border-thin ld_header_button_69f23898950dd ld_button_69f23898956e8\">\n\t<span>\n\t\t\n\t\t\t\t\t<span class=\"btn-txt\">DO\u011eAL SER\u0130S\u0130 \u00dcR\u00dcNLER\u0130<\/span>\n\t\t\t\n\t\t\t\t<\/span>\n<\/a>\n<\/div>\n<\/div><\/div>\t<\/div>\n<\/div>[\/vc_column][vc_column offset=&#8221;vc_col-md-4&#8243;]<style>.ld_flipbox_69f2389897351 .ld-flipbox-front{background-image:url(https:\/\/dogupen.com.tr\/wp-content\/uploads\/2019\/06\/pvc-profil-serileri-1.jpg);}.ld_flipbox_69f2389897351 .ld-flipbox-back{background:rgb(14, 48, 93);}<\/style><div class=\"ld-flipbox ld-flipbox-tb round ld_flipbox_69f2389897351\" >\n\t<div class=\"ld-flipbox-wrap\" >\n\t\t<div id=\"ld_flipbox_section_69f23898963ab\" class=\"ld-flipbox-face ld-flipbox-front\"><span class=\"ld-flipbox-overlay ld-overlay\"><\/span><div class=\"ld-flipbox-inner\"><div class=\"header-module\">\n\t<style>.ld_button_69f2389896789.btn-icon-solid .btn-icon{background:rgb(255, 255, 255);}.ld_button_69f2389896789.btn-icon-circle.btn-icon-ripple .btn-icon:before{border-color:rgb(255, 255, 255);}.ld_button_69f2389896789{background-color:rgb(255, 255, 255);border-color:rgb(255, 255, 255);color:rgb(5, 35, 75);font-size:15px !important;font-weight:600 !important;letter-spacing:0.025em !important;}.ld_button_69f2389896789 .btn-gradient-border defs stop:first-child{stop-color:rgb(255, 255, 255);}.ld_button_69f2389896789 .btn-gradient-border defs stop:last-child{stop-color:rgb(255, 255, 255);}<\/style><a href=\"#\" class=\"btn btn-solid btn-sm semi-round btn-bordered border-thin ld_header_button_69f23898964bf ld_button_69f2389896789\">\n\t<span>\n\t\t\n\t\t\t\t\t<span class=\"btn-txt\">FAAL SER\u0130S\u0130<\/span>\n\t\t\t\n\t\t\t\t<\/span>\n<\/a>\n<\/div>\n<\/div><\/div><div id=\"ld_flipbox_section_69f2389896be1\" class=\"ld-flipbox-face ld-flipbox-back\"><span class=\"ld-flipbox-overlay ld-overlay\"><\/span><div class=\"ld-flipbox-inner\"><div class=\"header-module\">\n\t<style>.ld_button_69f2389896f8a.btn-icon-solid .btn-icon{background:rgb(255, 255, 255);}.ld_button_69f2389896f8a.btn-icon-circle.btn-icon-ripple .btn-icon:before{border-color:rgb(255, 255, 255);}.ld_button_69f2389896f8a.btn-icon-solid:hover .btn-icon{background:rgb(255, 255, 255);}.ld_button_69f2389896f8a{color:rgb(255, 255, 255);font-size:13px !important;font-weight:700 !important;letter-spacing:0.2em !important;}.ld_button_69f2389896f8a:hover{color:rgb(255, 255, 255);}.ld_button_69f2389896f8a:before{background:rgb(255, 255, 255);}.ld_button_69f2389896f8a:after{background:rgb(255, 255, 255);}<\/style><a href=\"#\" class=\"btn btn-underlined text-uppercase btn-bordered border-thin ld_header_button_69f2389896cf5 ld_button_69f2389896f8a\">\n\t<span>\n\t\t\n\t\t\t\t\t<span class=\"btn-txt\">FAAL SER\u0130S\u0130 \u00dcR\u00dcNLER\u0130<\/span>\n\t\t\t\n\t\t\t\t<\/span>\n<\/a>\n<\/div>\n<\/div><\/div>\t<\/div>\n<\/div>[\/vc_column][vc_column offset=&#8221;vc_col-md-4&#8243;]<style>.ld_flipbox_69f238989881c .ld-flipbox-front{background-image:url(https:\/\/dogupen.com.tr\/wp-content\/uploads\/2019\/06\/pvc-profil-serileri-3.jpg);}.ld_flipbox_69f238989881c .ld-flipbox-back{background:rgb(14, 48, 93);}<\/style><div class=\"ld-flipbox ld-flipbox-tb round ld_flipbox_69f238989881c\" >\n\t<div class=\"ld-flipbox-wrap\" >\n\t\t<div id=\"ld_flipbox_section_69f2389897955\" class=\"ld-flipbox-face ld-flipbox-front\"><span class=\"ld-flipbox-overlay ld-overlay\"><\/span><div class=\"ld-flipbox-inner\"><div class=\"header-module\">\n\t<style>.ld_button_69f2389897e53.btn-icon-solid .btn-icon{background:rgb(255, 255, 255);}.ld_button_69f2389897e53.btn-icon-circle.btn-icon-ripple .btn-icon:before{border-color:rgb(255, 255, 255);}.ld_button_69f2389897e53{background-color:rgb(255, 255, 255);border-color:rgb(255, 255, 255);color:rgb(5, 35, 75);font-size:15px !important;font-weight:600 !important;letter-spacing:0.025em !important;}.ld_button_69f2389897e53 .btn-gradient-border defs stop:first-child{stop-color:rgb(255, 255, 255);}.ld_button_69f2389897e53 .btn-gradient-border defs stop:last-child{stop-color:rgb(255, 255, 255);}<\/style><a href=\"#\" class=\"btn btn-solid btn-sm semi-round btn-bordered border-thin ld_header_button_69f2389897a4e ld_button_69f2389897e53\">\n\t<span>\n\t\t\n\t\t\t\t\t<span class=\"btn-txt\">AL SER\u0130S\u0130<\/span>\n\t\t\t\n\t\t\t\t<\/span>\n<\/a>\n<\/div>\n<\/div><\/div><div id=\"ld_flipbox_section_69f2389898220\" class=\"ld-flipbox-face ld-flipbox-back\"><span class=\"ld-flipbox-overlay ld-overlay\"><\/span><div class=\"ld-flipbox-inner\"><div class=\"header-module\">\n\t<style>.ld_button_69f23898985a6.btn-icon-solid .btn-icon{background:rgb(255, 255, 255);}.ld_button_69f23898985a6.btn-icon-circle.btn-icon-ripple .btn-icon:before{border-color:rgb(255, 255, 255);}.ld_button_69f23898985a6.btn-icon-solid:hover .btn-icon{background:rgb(255, 255, 255);}.ld_button_69f23898985a6{color:rgb(255, 255, 255);font-size:13px !important;font-weight:700 !important;letter-spacing:0.2em !important;}.ld_button_69f23898985a6:hover{color:rgb(255, 255, 255);}.ld_button_69f23898985a6:before{background:rgb(255, 255, 255);}.ld_button_69f23898985a6:after{background:rgb(255, 255, 255);}<\/style><a href=\"#\" class=\"btn btn-underlined text-uppercase btn-bordered border-thin ld_header_button_69f2389898324 ld_button_69f23898985a6\">\n\t<span>\n\t\t\n\t\t\t\t\t<span class=\"btn-txt\">AL SER\u0130S\u0130 \u00dcR\u00dcNLER\u0130<\/span>\n\t\t\t\n\t\t\t\t<\/span>\n<\/a>\n<\/div>\n<\/div><\/div>\t<\/div>\n<\/div>[\/vc_column][\/vc_row][vc_row][vc_column][vc_empty_space height=&#8221;50px&#8221;][\/vc_column][\/vc_row]<\/p>\n<\/div>","protected":false},"excerpt":{"rendered":"<p>[vc_row full_width=&#8221;stretch_row_content_no_spaces&#8221; full_height=&#8221;yes&#8221; equal_height=&#8221;yes&#8221;][vc_column enable_content_animation=&#8221;yes&#8221; ca_init_scale_x=&#8221;0.5&#8243; ca_init_scale_y=&#8221;0.25&#8243; ca_init_scale_z=&#8221;1&#8243; ca_init_opacity=&#8221;0&#8243; ca_an_scale_x=&#8221;1&#8243; ca_an_scale_y=&#8221;1&#8243; ca_an_scale_z=&#8221;1&#8243; ca_an_opacity=&#8221;1&#8243; ca_duration=&#8221;2000&#8243; offset=&#8221;vc_hidden-sm&#8230;<\/p>\n","protected":false},"author":1,"featured_media":0,"parent":0,"menu_order":0,"comment_status":"closed","ping_status":"closed","template":"","meta":{"footnotes":""},"class_list":["post-5147","page","type-page","status-publish","hentry"],"_links":{"self":[{"href":"https:\/\/dogupen.com.tr\/en\/wp-json\/wp\/v2\/pages\/5147","targetHints":{"allow":["GET"]}}],"collection":[{"href":"https:\/\/dogupen.com.tr\/en\/wp-json\/wp\/v2\/pages"}],"about":[{"href":"https:\/\/dogupen.com.tr\/en\/wp-json\/wp\/v2\/types\/page"}],"author":[{"embeddable":true,"href":"https:\/\/dogupen.com.tr\/en\/wp-json\/wp\/v2\/users\/1"}],"replies":[{"embeddable":true,"href":"https:\/\/dogupen.com.tr\/en\/wp-json\/wp\/v2\/comments?post=5147"}],"version-history":[{"count":2,"href":"https:\/\/dogupen.com.tr\/en\/wp-json\/wp\/v2\/pages\/5147\/revisions"}],"predecessor-version":[{"id":5156,"href":"https:\/\/dogupen.com.tr\/en\/wp-json\/wp\/v2\/pages\/5147\/revisions\/5156"}],"wp:attachment":[{"href":"https:\/\/dogupen.com.tr\/en\/wp-json\/wp\/v2\/media?parent=5147"}],"curies":[{"name":"wp","href":"https:\/\/api.w.org\/{rel}","templated":true}]}}